{"id":209,"date":"2017-03-15T23:20:50","date_gmt":"2017-03-15T23:20:50","guid":{"rendered":"http:\/\/www.filarte.com.br\/?page_id=209"},"modified":"2019-08-28T11:06:41","modified_gmt":"2019-08-28T14:06:41","slug":"planejados","status":"publish","type":"page","link":"http:\/\/www.filarte.com.br\/index.php\/planejados\/","title":{"rendered":"Mobili\u00e1rio Planejado"},"content":{"rendered":"<div id=\"pl-209\"  class=\"panel-layout\" ><div id=\"pg-209-0\"  class=\"panel-grid panel-no-style\" ><div id=\"pgc-209-0-0\"  class=\"panel-grid-cell\" ><div id=\"panel-209-0-0-0\" class=\"so-panel widget widget_text panel-first-child panel-last-child\" data-index=\"0\" >\t\t\t<div class=\"textwidget\"><p>M\u00f3veis planejados personalizados com diversas padronagens de folhas e acabamentos especiais, divis\u00f5es internas e acess\u00f3rios para compor toda a sua casa com uniformidade, design e inova\u00e7\u00e3o.<\/p>\n<\/div>\n\t\t<\/div><\/div><\/div><div id=\"pg-209-1\"  class=\"panel-grid panel-has-style\" ><div class=\"siteorigin-panels-stretch panel-row-style panel-row-style-for-209-1\" data-stretch-type=\"full\" ><div id=\"pgc-209-1-0\"  class=\"panel-grid-cell\" ><div id=\"panel-209-1-0-0\" class=\"so-panel widget widget_text panel-first-child panel-last-child\" data-index=\"1\" >\t\t\t<div class=\"textwidget\"><\/div>\n\t\t<\/div><\/div><\/div><\/div><\/div>","protected":false},"excerpt":{"rendered":"<p>M\u00f3veis planejados personalizados com diversas padronagens de folhas e acabamentos especiais, divis\u00f5es internas e acess\u00f3rios para compor toda a sua casa com uniformidade, design e inova\u00e7\u00e3o.<\/p>\n","protected":false},"author":1,"featured_media":0,"parent":0,"menu_order":0,"comment_status":"closed","ping_status":"closed","template":"","meta":{"footnotes":""},"class_list":["post-209","page","type-page","status-publish","hentry"],"_links":{"self":[{"href":"http:\/\/www.filarte.com.br\/index.php\/wp-json\/wp\/v2\/pages\/209","targetHints":{"allow":["GET"]}}],"collection":[{"href":"http:\/\/www.filarte.com.br\/index.php\/wp-json\/wp\/v2\/pages"}],"about":[{"href":"http:\/\/www.filarte.com.br\/index.php\/wp-json\/wp\/v2\/types\/page"}],"author":[{"embeddable":true,"href":"http:\/\/www.filarte.com.br\/index.php\/wp-json\/wp\/v2\/users\/1"}],"replies":[{"embeddable":true,"href":"http:\/\/www.filarte.com.br\/index.php\/wp-json\/wp\/v2\/comments?post=209"}],"version-history":[{"count":0,"href":"http:\/\/www.filarte.com.br\/index.php\/wp-json\/wp\/v2\/pages\/209\/revisions"}],"wp:attachment":[{"href":"http:\/\/www.filarte.com.br\/index.php\/wp-json\/wp\/v2\/media?parent=209"}],"curies":[{"name":"wp","href":"https:\/\/api.w.org\/{rel}","templated":true}]}}