{"id":56,"date":"2017-03-06T23:13:34","date_gmt":"2017-03-06T23:13:34","guid":{"rendered":"http:\/\/www.filarte.com.br\/?page_id=56"},"modified":"2019-08-28T11:10:34","modified_gmt":"2019-08-28T14:10:34","slug":"quem-somos","status":"publish","type":"page","link":"http:\/\/www.filarte.com.br\/index.php\/quem-somos\/","title":{"rendered":"Quem somos"},"content":{"rendered":"<div id=\"pl-56\"  class=\"panel-layout\" ><div id=\"pg-56-0\"  class=\"panel-grid panel-no-style\" ><div id=\"pgc-56-0-0\"  class=\"panel-grid-cell\" ><div id=\"panel-56-0-0-0\" class=\"so-panel widget widget_text panel-first-child panel-last-child\" data-index=\"0\" >\t\t\t<div class=\"textwidget\"><\/div>\n\t\t<\/div><\/div><\/div><div id=\"pg-56-1\"  class=\"panel-grid panel-no-style\" ><div id=\"pgc-56-1-0\"  class=\"panel-grid-cell\" ><div id=\"panel-56-1-0-0\" class=\"so-panel widget widget_text panel-first-child panel-last-child\" data-index=\"1\" ><h3 class=\"widget-title\">Filarte Marcenaria e Arquitetura<\/h3>\t\t\t<div class=\"textwidget\"><p>A Filarte interiores e marcenaria atua no mercado mobili\u00e1rio desde 1993,  quando foi fundada pelo casal de arquitetos Isaura Lopes e Marcelo Dombradi. Juntos  montaram uma estrutura que v\u00eam se destacando no mercado pela excel\u00eancia em todos os processos da produ\u00e7\u00e3o de m\u00f3veis e complementos arquitet\u00f4nicos. <\/p>\n<\/div>\n\t\t<\/div><\/div><\/div><div id=\"pg-56-2\"  class=\"panel-grid panel-no-style\" ><div id=\"pgc-56-2-0\"  class=\"panel-grid-cell\" ><div id=\"panel-56-2-0-0\" class=\"so-panel widget widget_text panel-first-child panel-last-child\" data-index=\"2\" ><h3 class=\"widget-title\">A f\u00e1brica Filarte<\/h3>\t\t\t<div class=\"textwidget\"><p>A Filarte interiores e marcenaria possui f\u00e1brica pr\u00f3pria e est\u00e1 equipada com as mais recentes tecnologias e profissionais especializados para atender a todas as demandas do setor.<br \/>\nA qualidade empregada em todos os processos e a mat\u00e9ria prima resultam em um mobi\u00e1rio premium, garantindo a valoriza\u00e7\u00e3o e a alta liquidez do im\u00f3vel.<\/p>\n<p><img decoding=\"async\" src=\"http:\/\/www.filarte.com.br\/wp-content\/uploads\/2017\/04\/fabrica-filarte-marcenaria.jpg\" class=\"align=\"center\"><\/p>\n<\/div>\n\t\t<\/div><\/div><\/div><div id=\"pg-56-3\"  class=\"panel-grid panel-no-style\" ><div id=\"pgc-56-3-0\"  class=\"panel-grid-cell\" ><div id=\"panel-56-3-0-0\" class=\"so-panel widget widget_text panel-first-child panel-last-child\" data-index=\"3\" ><div class=\"panel-widget-style panel-widget-style-for-56-3-0-0\" ><h3 class=\"widget-title\">20 anos Filarte<\/h3>\t\t\t<div class=\"textwidget\"><p>Muito obrigado a todos os amigos, parceiros, colaboradores, funcion\u00e1rios que participaram desta longa e maravilhosa jornada. Juntos somos mais.<\/p>\n<p><img decoding=\"async\" src=\"http:\/\/www.filarte.com.br\/wp-content\/uploads\/2017\/03\/Untitled-2.jpg\" class=\"align=\"center\" width=\"200\"><\/p>\n<\/div>\n\t\t<\/div><\/div><\/div><\/div><div id=\"pg-56-4\"  class=\"panel-grid panel-no-style\" ><div id=\"pgc-56-4-0\"  class=\"panel-grid-cell\" ><div id=\"panel-56-4-0-0\" class=\"so-panel widget widget_text panel-first-child panel-last-child\" data-index=\"4\" ><h3 class=\"widget-title\">Pr\u00eamio Museu da Casa Brasileira<\/h3>\t\t\t<div class=\"textwidget\"><p>Em parceria com arquiteto, a Filarte foi respons\u00e1vel pela produ\u00e7\u00e3o da MESA QUADRO.<br \/>\nPremiada como design inovador pelo Museu da Casa Brasileira.<\/p>\n<p><img decoding=\"async\" src=\"http:\/\/www.filarte.com.br\/wp-content\/uploads\/2017\/04\/mesa.jpg\" class=\"align=\"center\"><\/p>\n<\/div>\n\t\t<\/div><\/div><\/div><div id=\"pg-56-5\"  class=\"panel-grid panel-has-style\" ><div class=\"panel-row-style panel-row-style-for-56-5\" ><div id=\"pgc-56-5-0\"  class=\"panel-grid-cell\" ><div id=\"panel-56-5-0-0\" class=\"so-panel widget widget_text panel-first-child panel-last-child\" data-index=\"5\" ><div class=\"panel-widget-style panel-widget-style-for-56-5-0-0\" ><h3 class=\"widget-title\">Ligue e fale com o comercial.<\/h3>\t\t\t<div class=\"textwidget\"><p>+55 11 99632-0937<\/p>\n<\/div>\n\t\t<\/div><\/div><\/div><\/div><\/div><\/div>","protected":false},"excerpt":{"rendered":"<p>A Filarte interiores e marcenaria atua no mercado mobili\u00e1rio desde 1993, quando foi fundada pelo casal de arquitetos Isaura Lopes e Marcelo Dombradi. Juntos montaram uma estrutura que v\u00eam se destacando no mercado pela excel\u00eancia em todos os processos da produ\u00e7\u00e3o de m\u00f3veis e complementos arquitet\u00f4nicos.<\/p>\n","protected":false},"author":1,"featured_media":0,"parent":0,"menu_order":0,"comment_status":"closed","ping_status":"closed","template":"","meta":{"footnotes":""},"class_list":["post-56","page","type-page","status-publish","hentry"],"_links":{"self":[{"href":"http:\/\/www.filarte.com.br\/index.php\/wp-json\/wp\/v2\/pages\/56","targetHints":{"allow":["GET"]}}],"collection":[{"href":"http:\/\/www.filarte.com.br\/index.php\/wp-json\/wp\/v2\/pages"}],"about":[{"href":"http:\/\/www.filarte.com.br\/index.php\/wp-json\/wp\/v2\/types\/page"}],"author":[{"embeddable":true,"href":"http:\/\/www.filarte.com.br\/index.php\/wp-json\/wp\/v2\/users\/1"}],"replies":[{"embeddable":true,"href":"http:\/\/www.filarte.com.br\/index.php\/wp-json\/wp\/v2\/comments?post=56"}],"version-history":[{"count":0,"href":"http:\/\/www.filarte.com.br\/index.php\/wp-json\/wp\/v2\/pages\/56\/revisions"}],"wp:attachment":[{"href":"http:\/\/www.filarte.com.br\/index.php\/wp-json\/wp\/v2\/media?parent=56"}],"curies":[{"name":"wp","href":"https:\/\/api.w.org\/{rel}","templated":true}]}}