{"id":62,"date":"2017-03-06T23:14:24","date_gmt":"2017-03-06T23:14:24","guid":{"rendered":"http:\/\/www.filarte.com.br\/?page_id=62"},"modified":"2019-08-28T11:08:43","modified_gmt":"2019-08-28T14:08:43","slug":"arquitetos-e-profissionais","status":"publish","type":"page","link":"http:\/\/www.filarte.com.br\/index.php\/arquitetos-e-profissionais\/","title":{"rendered":"B2B"},"content":{"rendered":"<div id=\"pl-62\"  class=\"panel-layout\" ><div id=\"pg-62-0\"  class=\"panel-grid panel-no-style\" ><div id=\"pgc-62-0-0\"  class=\"panel-grid-cell\" ><div id=\"panel-62-0-0-0\" class=\"so-panel widget widget_text panel-first-child panel-last-child\" data-index=\"0\" >\t\t\t<div class=\"textwidget\"><\/div>\n\t\t<\/div><\/div><\/div><div id=\"pg-62-1\"  class=\"panel-grid panel-no-style\" ><div id=\"pgc-62-1-0\"  class=\"panel-grid-cell\" ><div id=\"panel-62-1-0-0\" class=\"so-panel widget widget_text panel-first-child panel-last-child\" data-index=\"1\" ><h3 class=\"widget-title\">Arquitetos, decoradores e profissionais<\/h3>\t\t\t<div class=\"textwidget\">A Filarte marcenaria e arquitetura atua no mercado mobili\u00e1rio desde 1993,  quando foi fundada pelo casal de arquitetos Isaura Lopes e Marcelo Dombradi que prop\u00f5e desde ent\u00e3o, um conceito de trabalho voltado para o profissional que atua no segmento de constru\u00e7\u00e3o, decora\u00e7\u00e3o e arquitetura, assumindo uma parceria que garante o sucesso do projeto e da instala\u00e7\u00e3o. F\u00f3rmula que funciona e transforma clientes profissionais em amigos. Consulte-nos e saiba como podemos contribuir para que seu projeto fique perfeito e surpreenda.\n<\/div>\n\t\t<\/div><\/div><\/div><div id=\"pg-62-2\"  class=\"panel-grid panel-has-style\" ><div class=\"panel-row-style panel-row-style-for-62-2\" ><div id=\"pgc-62-2-0\"  class=\"panel-grid-cell\" ><div id=\"panel-62-2-0-0\" class=\"so-panel widget widget_text panel-first-child panel-last-child\" data-index=\"2\" ><div class=\"panel-widget-style panel-widget-style-for-62-2-0-0\" ><h3 class=\"widget-title\">Ligue e fale com o comercial.<\/h3>\t\t\t<div class=\"textwidget\"><p>+55 11 99632-0937<\/p>\n<\/div>\n\t\t<\/div><\/div><\/div><\/div><\/div><\/div>","protected":false},"excerpt":{"rendered":"<p>A Filarte marcenaria e arquitetura atua no mercado mobili\u00e1rio desde 1993, quando foi fundada pelo casal de arquitetos Isaura Lopes e Marcelo Dombradi que prop\u00f5e desde ent\u00e3o, um conceito de trabalho voltado para o profissional que atua no segmento de constru\u00e7\u00e3o, decora\u00e7\u00e3o e arquitetura, assumindo uma parceria que garante o sucesso do projeto e da [&hellip;]<\/p>\n","protected":false},"author":1,"featured_media":0,"parent":0,"menu_order":0,"comment_status":"closed","ping_status":"closed","template":"","meta":{"footnotes":""},"class_list":["post-62","page","type-page","status-publish","hentry"],"_links":{"self":[{"href":"http:\/\/www.filarte.com.br\/index.php\/wp-json\/wp\/v2\/pages\/62","targetHints":{"allow":["GET"]}}],"collection":[{"href":"http:\/\/www.filarte.com.br\/index.php\/wp-json\/wp\/v2\/pages"}],"about":[{"href":"http:\/\/www.filarte.com.br\/index.php\/wp-json\/wp\/v2\/types\/page"}],"author":[{"embeddable":true,"href":"http:\/\/www.filarte.com.br\/index.php\/wp-json\/wp\/v2\/users\/1"}],"replies":[{"embeddable":true,"href":"http:\/\/www.filarte.com.br\/index.php\/wp-json\/wp\/v2\/comments?post=62"}],"version-history":[{"count":0,"href":"http:\/\/www.filarte.com.br\/index.php\/wp-json\/wp\/v2\/pages\/62\/revisions"}],"wp:attachment":[{"href":"http:\/\/www.filarte.com.br\/index.php\/wp-json\/wp\/v2\/media?parent=62"}],"curies":[{"name":"wp","href":"https:\/\/api.w.org\/{rel}","templated":true}]}}